{"id":134,"date":"2025-11-03T02:16:19","date_gmt":"2025-11-03T02:16:19","guid":{"rendered":"https:\/\/samcoffee.123websitedev.com\/?page_id=134"},"modified":"2025-11-04T10:05:31","modified_gmt":"2025-11-04T10:05:31","slug":"cua-hang","status":"publish","type":"page","link":"https:\/\/sammcoffee.com\/en\/cua-hang\/","title":{"rendered":"Shop"},"content":{"rendered":"<div data-elementor-type=\"wp-page\" data-elementor-id=\"134\" class=\"elementor elementor-134\" data-elementor-post-type=\"page\">\n\t\t\t\t\t\t<section class=\"elementor-section elementor-top-section elementor-element elementor-element-6c1efbcf elementor-section-boxed elementor-section-height-default elementor-section-height-default\" data-id=\"6c1efbcf\" data-element_type=\"section\" data-settings=\"{&quot;background_background&quot;:&quot;classic&quot;}\">\n\t\t\t\t\t\t\t<div class=\"elementor-background-overlay\"><\/div>\n\t\t\t\t\t\t\t<div class=\"elementor-container elementor-column-gap-default\">\n\t\t\t\t\t<div class=\"elementor-column elementor-col-100 elementor-top-column elementor-element elementor-element-4644ec2b\" data-id=\"4644ec2b\" data-element_type=\"column\">\n\t\t\t<div class=\"elementor-widget-wrap elementor-element-populated\">\n\t\t\t\t\t\t<div class=\"elementor-element elementor-element-276830a7 elementor-widget elementor-widget-image\" data-id=\"276830a7\" data-element_type=\"widget\" data-widget_type=\"image.default\">\n\t\t\t\t\t\t\t\t\t\t\t\t\t\t\t<img decoding=\"async\" width=\"663\" height=\"46\" src=\"https:\/\/sammcoffee.com\/wp-content\/uploads\/2025\/11\/divider-1.png\" class=\"attachment-large size-large wp-image-88\" alt=\"\" srcset=\"https:\/\/sammcoffee.com\/wp-content\/uploads\/2025\/11\/divider-1.png 663w, https:\/\/sammcoffee.com\/wp-content\/uploads\/2025\/11\/divider-1-300x21.png 300w\" sizes=\"(max-width: 663px) 100vw, 663px\" \/>\t\t\t\t\t\t\t\t\t\t\t\t\t\t\t<\/div>\n\t\t\t\t\t<\/div>\n\t\t<\/div>\n\t\t\t\t\t<\/div>\n\t\t<\/section>\n\t\t\t\t<section class=\"elementor-section elementor-top-section elementor-element elementor-element-3f7a375a elementor-section-boxed elementor-section-height-default elementor-section-height-default\" data-id=\"3f7a375a\" data-element_type=\"section\">\n\t\t\t\t\t\t<div class=\"elementor-container elementor-column-gap-default\">\n\t\t\t\t\t<div class=\"elementor-column elementor-col-100 elementor-top-column elementor-element elementor-element-3bcac075\" data-id=\"3bcac075\" data-element_type=\"column\">\n\t\t\t<div class=\"elementor-widget-wrap elementor-element-populated\">\n\t\t\t\t\t\t<div class=\"elementor-element elementor-element-23952055 elementor-widget elementor-widget-image\" data-id=\"23952055\" data-element_type=\"widget\" data-widget_type=\"image.default\">\n\t\t\t\t\t\t\t\t\t\t\t\t\t\t\t<img decoding=\"async\" width=\"160\" height=\"160\" src=\"https:\/\/sammcoffee.com\/wp-content\/uploads\/2025\/11\/divider-page-1.png\" class=\"attachment-large size-large wp-image-237\" alt=\"\" srcset=\"https:\/\/sammcoffee.com\/wp-content\/uploads\/2025\/11\/divider-page-1.png 160w, https:\/\/sammcoffee.com\/wp-content\/uploads\/2025\/11\/divider-page-1-150x150.png 150w\" sizes=\"(max-width: 160px) 100vw, 160px\" \/>\t\t\t\t\t\t\t\t\t\t\t\t\t\t\t<\/div>\n\t\t\t\t\t<\/div>\n\t\t<\/div>\n\t\t\t\t\t<\/div>\n\t\t<\/section>\n\t\t<div class=\"elementor-element elementor-element-973939a e-flex e-con-boxed e-con e-parent\" data-id=\"973939a\" data-element_type=\"container\">\n\t\t\t\t\t<div class=\"e-con-inner\">\n\t\t\t\t<div class=\"elementor-element elementor-element-fffed7b elementor-widget elementor-widget-shortcode\" data-id=\"fffed7b\" data-element_type=\"widget\" data-widget_type=\"shortcode.default\">\n\t\t\t\t\t\t\t<div class=\"elementor-shortcode\">    \r\n\r\n    <div class=\"store-container\">\r\n        <!-- \ud83d\udd0d \u00d4 t\u00ecm ki\u1ebfm -->\r\n        <div class=\"store-search\">\r\n            <input type=\"text\" id=\"store-search-input\" placeholder=\"Find a store...\">\r\n        <\/div>\r\n\r\n        <div class=\"store-list-container\">\r\n            <div class=\"store-list\" id=\"store-list\"><\/div>\r\n            <div class=\"store-map\" id=\"store-map\"><\/div>\r\n        <\/div>\r\n    <\/div>\r\n\r\n    <!-- Load th\u01b0 vi\u1ec7n Leaflet.js -->\r\n    <link rel=\"stylesheet\" href=\"https:\/\/unpkg.com\/leaflet\/dist\/leaflet.css\" \/>\r\n    <script src=\"https:\/\/unpkg.com\/leaflet\/dist\/leaflet.js\"><\/script>\r\n\r\n    <script>\r\n        var map = L.map('store-map').setView([10.77689, 106.700981], 10);\r\n        \/\/ Th\u00eam ch\u1eef \u201cHo\u00e0ng Sa\u201d\r\n        L.marker([17, 112.5], {\r\n            icon: L.divIcon({\r\n                className: 'custom-label',\r\n                html: '<span style=\"font-weight:bold;color:#f02830;font-size:16px; background:yellow\">Qu\u1ea7n \u0111\u1ea3o<br>Ho\u00e0ng Sa<\/span>',\r\n                iconSize: [100, 20],\r\n                iconAnchor: [50, 10]\r\n            })\r\n        }).addTo(map);\r\n\r\n    \/\/ Th\u00eam ch\u1eef \u201cTr\u01b0\u1eddng Sa\u201d\r\n        L.marker([9.5, 113.0], {\r\n            icon: L.divIcon({\r\n                className: 'custom-label',\r\n                html: '<span style=\"font-weight:bold;color:#f02830;font-size:16px;background:yellow\">Qu\u1ea7n \u0111\u1ea3o<br>Tr\u01b0\u1eddng Sa<\/span>',\r\n                iconSize: [120, 20],\r\n                iconAnchor: [60, 10]\r\n            })\r\n        }).addTo(map);\r\n        \/\/ Th\u00eam b\u1ea3n \u0111\u1ed3 OpenStreetMap\r\n        L.tileLayer('https:\/\/{s}.tile.openstreetmap.org\/{z}\/{x}\/{y}.png', {\r\n            attribution: '&copy; <a href=\"https:\/\/www.openstreetmap.org\/copyright\">OpenStreetMap<\/a> contributors'\r\n        }).addTo(map);\r\n\r\n        var storeMarkerIcon = L.icon({\r\n            iconUrl: 'https:\/\/sammcoffee.com\/wp-content\/plugins\/store-local\/assets\/css\/img\/marker-icon.png',\r\n            shadowUrl: 'https:\/\/sammcoffee.com\/wp-content\/plugins\/store-local\/assets\/css\/img\/marker-shadow.png',\r\n            iconSize: [25, 41],\r\n            iconAnchor: [12, 41],\r\n            popupAnchor: [1, -34],\r\n            tooltipAnchor: [16, -28],\r\n            shadowSize: [41, 41]\r\n        });\r\n\r\n        fetch('https:\/\/sammcoffee.com\/wp-admin\/admin-ajax.php?action=get_stores')\r\n                .then(response => response.json())\r\n                .then(data => {\r\n                    var storeList = document.getElementById('store-list');\r\n                    var searchInput = document.getElementById('store-search-input');\r\n\r\n                    function renderStores(filter = '') {\r\n                        storeList.innerHTML = '';\r\n                        data.filter(store => {\r\n                            var query = filter.toLowerCase();\r\n                            var name = (store.name || '').toLowerCase();\r\n                            var address = (store.address || '').toLowerCase();\r\n                            var address2 = (store.address2 || '').toLowerCase();\r\n                            var company = (store.company || '').toLowerCase();\r\n                            return name.includes(query) || address.includes(query) || address2.includes(query) || company.includes(query);\r\n                        })\r\n                                .forEach(store => {\r\n                                    var storeItem = document.createElement('div');\r\n                                    storeItem.classList.add('store-item');\r\n                                    storeItem.innerHTML = `<h3>${store.name}<\/h3>\r\n                ${store.company ? '<p><strong>' + store.company + '<\/strong><\/p>' : ''}\r\n                <p>${store.address}<\/p>\r\n                ${store.address2 ? '<p>' + store.address2 + '<\/p>' : ''}\r\n                <p>\ud83d\udcde ${store.phone}<\/p>\r\n                <p>\ud83d\udce7 <a href=\"mailto:${store.email}\">${store.email}<\/a><\/p>\r\n                                <a href=\"https:\/\/www.google.com\/maps\/dir\/?api=1&destination=${store.latitude},${store.longitude}\" target=\"_blank\">Nh\u1eadn ch\u1ec9 \u0111\u01b0\u1eddng<\/a>`;\r\n                                    storeItem.addEventListener('click', () => {\r\n                                        map.setView([store.latitude, store.longitude], 14);\r\n                                    });\r\n                                    storeList.appendChild(storeItem);\r\n\r\n                                    L.marker([store.latitude, store.longitude], {icon: storeMarkerIcon})\r\n                                            .addTo(map)\r\n                                            .bindPopup(`<h3>${store.name}<\/h3>\r\n                            ${store.company ? '<p><strong>' + store.company + '<\/strong><\/p>' : ''}\r\n                            <p>${store.address}<\/p>\r\n                            ${store.address2 ? '<p>' + store.address2 + '<\/p>' : ''}\r\n                            <p>\ud83d\udcde ${store.phone}<\/p>\r\n                            <p>\ud83d\udce7 <a href=\"mailto:${store.email}\">${store.email}<\/a><\/p>`);\r\n                                });\r\n                    }\r\n\r\n                    renderStores();\r\n\r\n                    \/\/ L\u1ecdc c\u1eeda h\u00e0ng khi nh\u1eadp v\u00e0o \u00f4 t\u00ecm ki\u1ebfm\r\n                    searchInput.addEventListener('input', () => {\r\n                        renderStores(searchInput.value);\r\n                    });\r\n                });\r\n    <\/script>\r\n    <\/div>\n\t\t\t\t\t\t<\/div>\n\t\t\t\t\t<\/div>\n\t\t\t\t<\/div>\n\t\t\t\t<\/div>","protected":false},"excerpt":{"rendered":"","protected":false},"author":1,"featured_media":0,"parent":0,"menu_order":0,"comment_status":"closed","ping_status":"closed","template":"elementor_header_footer","meta":{"footnotes":""},"class_list":["post-134","page","type-page","status-publish","hentry"],"yoast_head":"<!-- This site is optimized with the Yoast SEO Premium plugin v20.9 (Yoast SEO v20.9) - https:\/\/yoast.com\/wordpress\/plugins\/seo\/ -->\n<title>C\u1eeda h\u00e0ng - SAMM COFFEE<\/title>\n<meta name=\"robots\" content=\"index, follow, max-snippet:-1, max-image-preview:large, max-video-preview:-1\" \/>\n<link rel=\"canonical\" href=\"https:\/\/sammcoffee.com\/en\/cua-hang\/\" \/>\n<meta property=\"og:locale\" content=\"en_US\" \/>\n<meta property=\"og:type\" content=\"article\" \/>\n<meta property=\"og:title\" content=\"C\u1eeda h\u00e0ng\" \/>\n<meta property=\"og:url\" content=\"https:\/\/sammcoffee.com\/en\/cua-hang\/\" \/>\n<meta property=\"og:site_name\" content=\"SAMM COFFEE\" \/>\n<meta property=\"article:modified_time\" content=\"2025-11-04T10:05:31+00:00\" \/>\n<meta property=\"og:image\" content=\"http:\/\/samcoffee.123websitedev.com\/wp-content\/uploads\/2025\/11\/divider-1.png\" \/>\n<meta name=\"twitter:card\" content=\"summary_large_image\" \/>\n<script type=\"application\/ld+json\" class=\"yoast-schema-graph\">{\"@context\":\"https:\/\/schema.org\",\"@graph\":[{\"@type\":\"WebPage\",\"@id\":\"https:\/\/sammcoffee.com\/cua-hang\/\",\"url\":\"https:\/\/sammcoffee.com\/cua-hang\/\",\"name\":\"C\u1eeda h\u00e0ng - SAMM COFFEE\",\"isPartOf\":{\"@id\":\"https:\/\/sammcoffee.com\/#website\"},\"datePublished\":\"2025-11-03T02:16:19+00:00\",\"dateModified\":\"2025-11-04T10:05:31+00:00\",\"breadcrumb\":{\"@id\":\"https:\/\/sammcoffee.com\/cua-hang\/#breadcrumb\"},\"inLanguage\":\"en-US\",\"potentialAction\":[{\"@type\":\"ReadAction\",\"target\":[\"https:\/\/sammcoffee.com\/cua-hang\/\"]}]},{\"@type\":\"BreadcrumbList\",\"@id\":\"https:\/\/sammcoffee.com\/cua-hang\/#breadcrumb\",\"itemListElement\":[{\"@type\":\"ListItem\",\"position\":1,\"name\":\"Home\",\"item\":\"https:\/\/sammcoffee.com\/\"},{\"@type\":\"ListItem\",\"position\":2,\"name\":\"C\u1eeda h\u00e0ng\"}]},{\"@type\":\"WebSite\",\"@id\":\"https:\/\/sammcoffee.com\/#website\",\"url\":\"https:\/\/sammcoffee.com\/\",\"name\":\"SAMM COFFEE\",\"description\":\"Th\u1ee9c t\u1ec9nh v\u1ecb gi\u00e1c Ti\u1ebfp s\u1ee9c ng\u00e0y d\u00e0i\",\"publisher\":{\"@id\":\"https:\/\/sammcoffee.com\/#organization\"},\"potentialAction\":[{\"@type\":\"SearchAction\",\"target\":{\"@type\":\"EntryPoint\",\"urlTemplate\":\"https:\/\/sammcoffee.com\/?s={search_term_string}\"},\"query-input\":\"required name=search_term_string\"}],\"inLanguage\":\"en-US\"},{\"@type\":\"Organization\",\"@id\":\"https:\/\/sammcoffee.com\/#organization\",\"name\":\"SAMM COFFEE\",\"url\":\"https:\/\/sammcoffee.com\/\",\"logo\":{\"@type\":\"ImageObject\",\"inLanguage\":\"en-US\",\"@id\":\"https:\/\/sammcoffee.com\/#\/schema\/logo\/image\/\",\"url\":\"https:\/\/sammcoffee.com\/wp-content\/uploads\/2025\/11\/cropped-LOGO-SAMM-COFFEE_FA-03-\ubd88\ub3c5-e1761964207985.png\",\"contentUrl\":\"https:\/\/sammcoffee.com\/wp-content\/uploads\/2025\/11\/cropped-LOGO-SAMM-COFFEE_FA-03-\ubd88\ub3c5-e1761964207985.png\",\"width\":1100,\"height\":605,\"caption\":\"SAMM COFFEE\"},\"image\":{\"@id\":\"https:\/\/sammcoffee.com\/#\/schema\/logo\/image\/\"}}]}<\/script>\n<!-- \/ Yoast SEO Premium plugin. -->","yoast_head_json":{"title":"C\u1eeda h\u00e0ng - SAMM COFFEE","robots":{"index":"index","follow":"follow","max-snippet":"max-snippet:-1","max-image-preview":"max-image-preview:large","max-video-preview":"max-video-preview:-1"},"canonical":"https:\/\/sammcoffee.com\/en\/cua-hang\/","og_locale":"en_US","og_type":"article","og_title":"C\u1eeda h\u00e0ng","og_url":"https:\/\/sammcoffee.com\/en\/cua-hang\/","og_site_name":"SAMM COFFEE","article_modified_time":"2025-11-04T10:05:31+00:00","og_image":[{"url":"http:\/\/samcoffee.123websitedev.com\/wp-content\/uploads\/2025\/11\/divider-1.png"}],"twitter_card":"summary_large_image","schema":{"@context":"https:\/\/schema.org","@graph":[{"@type":"WebPage","@id":"https:\/\/sammcoffee.com\/cua-hang\/","url":"https:\/\/sammcoffee.com\/cua-hang\/","name":"C\u1eeda h\u00e0ng - SAMM COFFEE","isPartOf":{"@id":"https:\/\/sammcoffee.com\/#website"},"datePublished":"2025-11-03T02:16:19+00:00","dateModified":"2025-11-04T10:05:31+00:00","breadcrumb":{"@id":"https:\/\/sammcoffee.com\/cua-hang\/#breadcrumb"},"inLanguage":"en-US","potentialAction":[{"@type":"ReadAction","target":["https:\/\/sammcoffee.com\/cua-hang\/"]}]},{"@type":"BreadcrumbList","@id":"https:\/\/sammcoffee.com\/cua-hang\/#breadcrumb","itemListElement":[{"@type":"ListItem","position":1,"name":"Home","item":"https:\/\/sammcoffee.com\/"},{"@type":"ListItem","position":2,"name":"C\u1eeda h\u00e0ng"}]},{"@type":"WebSite","@id":"https:\/\/sammcoffee.com\/#website","url":"https:\/\/sammcoffee.com\/","name":"SAMM COFFEE","description":"Th\u1ee9c t\u1ec9nh v\u1ecb gi\u00e1c Ti\u1ebfp s\u1ee9c ng\u00e0y d\u00e0i","publisher":{"@id":"https:\/\/sammcoffee.com\/#organization"},"potentialAction":[{"@type":"SearchAction","target":{"@type":"EntryPoint","urlTemplate":"https:\/\/sammcoffee.com\/?s={search_term_string}"},"query-input":"required name=search_term_string"}],"inLanguage":"en-US"},{"@type":"Organization","@id":"https:\/\/sammcoffee.com\/#organization","name":"SAMM COFFEE","url":"https:\/\/sammcoffee.com\/","logo":{"@type":"ImageObject","inLanguage":"en-US","@id":"https:\/\/sammcoffee.com\/#\/schema\/logo\/image\/","url":"https:\/\/sammcoffee.com\/wp-content\/uploads\/2025\/11\/cropped-LOGO-SAMM-COFFEE_FA-03-\ubd88\ub3c5-e1761964207985.png","contentUrl":"https:\/\/sammcoffee.com\/wp-content\/uploads\/2025\/11\/cropped-LOGO-SAMM-COFFEE_FA-03-\ubd88\ub3c5-e1761964207985.png","width":1100,"height":605,"caption":"SAMM COFFEE"},"image":{"@id":"https:\/\/sammcoffee.com\/#\/schema\/logo\/image\/"}}]}},"_links":{"self":[{"href":"https:\/\/sammcoffee.com\/en\/wp-json\/wp\/v2\/pages\/134","targetHints":{"allow":["GET"]}}],"collection":[{"href":"https:\/\/sammcoffee.com\/en\/wp-json\/wp\/v2\/pages"}],"about":[{"href":"https:\/\/sammcoffee.com\/en\/wp-json\/wp\/v2\/types\/page"}],"author":[{"embeddable":true,"href":"https:\/\/sammcoffee.com\/en\/wp-json\/wp\/v2\/users\/1"}],"replies":[{"embeddable":true,"href":"https:\/\/sammcoffee.com\/en\/wp-json\/wp\/v2\/comments?post=134"}],"version-history":[{"count":0,"href":"https:\/\/sammcoffee.com\/en\/wp-json\/wp\/v2\/pages\/134\/revisions"}],"wp:attachment":[{"href":"https:\/\/sammcoffee.com\/en\/wp-json\/wp\/v2\/media?parent=134"}],"curies":[{"name":"wp","href":"https:\/\/api.w.org\/{rel}","templated":true}]}}